{"id":547,"date":"2026-03-06T13:49:45","date_gmt":"2026-03-06T13:49:45","guid":{"rendered":"https:\/\/neovalor.de\/?page_id=547"},"modified":"2026-03-27T14:10:43","modified_gmt":"2026-03-27T14:10:43","slug":"krypto-chasflow","status":"publish","type":"page","link":"https:\/\/neovalor.de\/index.php\/krypto-chasflow\/","title":{"rendered":"Krypto-Chasflow"},"content":{"rendered":"\t\t<div data-elementor-type=\"wp-page\" data-elementor-id=\"547\" class=\"elementor elementor-547\" data-elementor-post-type=\"page\">\n\t\t\t\t<div class=\"elementor-element elementor-element-bc96aca e-con-full e-flex e-con e-parent\" data-id=\"bc96aca\" data-element_type=\"container\" data-e-type=\"container\">\n\t\t<div class=\"elementor-element elementor-element-171b375 e-flex e-con-boxed e-con e-child\" data-id=\"171b375\" data-element_type=\"container\" data-e-type=\"container\" data-settings=\"{&quot;background_background&quot;:&quot;gradient&quot;}\">\n\t\t\t\t\t<div class=\"e-con-inner\">\n\t\t<div class=\"elementor-element elementor-element-2cc8d82 e-con-full e-flex e-con e-child\" data-id=\"2cc8d82\" data-element_type=\"container\" data-e-type=\"container\">\n\t\t<div class=\"elementor-element elementor-element-bdc23d2 e-con-full e-flex e-con e-child\" data-id=\"bdc23d2\" data-element_type=\"container\" data-e-type=\"container\">\n\t\t\t\t<div class=\"elementor-element elementor-element-1220207 elementor-widget-mobile__width-auto animated-fast elementor-invisible elementor-widget elementor-widget-heading\" data-id=\"1220207\" data-element_type=\"widget\" data-e-type=\"widget\" data-settings=\"{&quot;_animation&quot;:&quot;fadeInUp&quot;,&quot;_animation_delay&quot;:0}\" data-widget_type=\"heading.default\">\n\t\t\t\t\t<h1 class=\"elementor-heading-title elementor-size-default\">Krypto <span class=\"headlime\">Cashflow<\/span><\/h1>\t\t\t\t<\/div>\n\t\t\t\t<div class=\"elementor-element elementor-element-c563e46 elementor-widget elementor-widget-text-editor\" data-id=\"c563e46\" data-element_type=\"widget\" data-e-type=\"widget\" data-widget_type=\"text-editor.default\">\n\t\t\t\t\t\t\t\t\t<p class=\"p1\">Lassen Sie Ihre digitalen Werte f\u00fcr sich arbeiten und nutzen Sie etablierte Strategien aus dem dezentralen Finanzwesen (DeFi), um rund um die Uhr regelm\u00e4\u00dfige Ertr\u00e4ge aus Ihrem Krypto-Portfolio zu generieren \u2013 smart, transparent und renditestark.<\/p>\t\t\t\t\t\t\t\t<\/div>\n\t\t\t\t<\/div>\n\t\t\t\t<\/div>\n\t\t\t\t<div class=\"elementor-element elementor-element-e5662e9 animated-fast elementor-widget elementor-widget-image\" data-id=\"e5662e9\" data-element_type=\"widget\" data-e-type=\"widget\" data-settings=\"{&quot;_animation&quot;:&quot;none&quot;,&quot;_animation_delay&quot;:300}\" data-widget_type=\"image.default\">\n\t\t\t\t\t\t\t\t\t\t\t\t\t\t\t<img fetchpriority=\"high\" decoding=\"async\" width=\"2560\" height=\"1396\" src=\"https:\/\/neovalor.de\/wp-content\/uploads\/2026\/03\/neovalor-krypto-cashflow-hero-01.webp\" class=\"attachment-full size-full wp-image-549\" alt=\"\" srcset=\"https:\/\/neovalor.de\/wp-content\/uploads\/2026\/03\/neovalor-krypto-cashflow-hero-01.webp 2560w, https:\/\/neovalor.de\/wp-content\/uploads\/2026\/03\/neovalor-krypto-cashflow-hero-01-300x164.webp 300w, https:\/\/neovalor.de\/wp-content\/uploads\/2026\/03\/neovalor-krypto-cashflow-hero-01-1024x558.webp 1024w, https:\/\/neovalor.de\/wp-content\/uploads\/2026\/03\/neovalor-krypto-cashflow-hero-01-768x419.webp 768w, https:\/\/neovalor.de\/wp-content\/uploads\/2026\/03\/neovalor-krypto-cashflow-hero-01-1536x838.webp 1536w, https:\/\/neovalor.de\/wp-content\/uploads\/2026\/03\/neovalor-krypto-cashflow-hero-01-2048x1117.webp 2048w\" sizes=\"(max-width: 2560px) 100vw, 2560px\" \/>\t\t\t\t\t\t\t\t\t\t\t\t\t\t\t<\/div>\n\t\t\t\t\t<\/div>\n\t\t\t\t<\/div>\n\t\t\t\t<\/div>\n\t\t<div class=\"elementor-element elementor-element-c1cf21d e-flex e-con-boxed e-con e-parent\" data-id=\"c1cf21d\" data-element_type=\"container\" data-e-type=\"container\">\n\t\t\t\t\t<div class=\"e-con-inner\">\n\t\t\t\t<div class=\"elementor-element elementor-element-84eeb58 elementor-widget__width-initial animated-fast elementor-invisible elementor-widget elementor-widget-heading\" data-id=\"84eeb58\" data-element_type=\"widget\" data-e-type=\"widget\" data-settings=\"{&quot;_animation&quot;:&quot;fadeIn&quot;,&quot;_animation_delay&quot;:0}\" data-widget_type=\"heading.default\">\n\t\t\t\t\t<h2 class=\"elementor-heading-title elementor-size-default\">Nicht einfach nur <span class=\"headlime\"> kaufen und halten<\/span><\/h2>\t\t\t\t<\/div>\n\t\t<div class=\"elementor-element elementor-element-3e1276f e-con-full e-flex e-con e-child\" data-id=\"3e1276f\" data-element_type=\"container\" data-e-type=\"container\">\n\t\t<div class=\"elementor-element elementor-element-7b15178 e-con-full e-flex e-con e-child\" data-id=\"7b15178\" data-element_type=\"container\" data-e-type=\"container\">\n\t\t\t\t<\/div>\n\t\t<div class=\"elementor-element elementor-element-06fbd29 e-con-full animated-fast e-flex e-con e-child\" data-id=\"06fbd29\" data-element_type=\"container\" data-e-type=\"container\" data-settings=\"{&quot;animation&quot;:&quot;none&quot;,&quot;animation_delay&quot;:0}\">\n\t\t\t\t<div class=\"elementor-element elementor-element-7c2cf41 elementor-widget elementor-widget-text-editor\" data-id=\"7c2cf41\" data-element_type=\"widget\" data-e-type=\"widget\" data-widget_type=\"text-editor.default\">\n\t\t\t\t\t\t\t\t\t<p class=\"p1\">Die Zeiten, in denen man Kryptow\u00e4hrungen nur kaufte, um tatenlos auf den n\u00e4chsten Bullenmarkt zu warten, sind vorbei. Auf klassischen Bankkonten wird Ihr Verm\u00f6gen durch die Inflation entwertet, und reines Trading kostet Nerven und Zeit. Krypto Cashflow bietet die moderne Alternative: Durch Mechanismen wie <i data-path-to-node=\"11\" data-index-in-node=\"340\">Staking<\/i> oder das Bereitstellen von Liquidit\u00e4t stellen Sie dem Netzwerk Ihre digitalen Werte zur Verf\u00fcgung \u2013 und werden daf\u00fcr kontinuierlich belohnt. Sie bauen sich einen passiven Einkommensstrom auf, der v\u00f6llig unabh\u00e4ngig von traditionellen Banken funktioniert.<\/p>\t\t\t\t\t\t\t\t<\/div>\n\t\t\t\t<\/div>\n\t\t\t\t<\/div>\n\t\t\t\t\t<\/div>\n\t\t\t\t<\/div>\n\t\t<div class=\"elementor-element elementor-element-677b344 e-flex e-con-boxed e-con e-parent\" data-id=\"677b344\" data-element_type=\"container\" data-e-type=\"container\">\n\t\t\t\t\t<div class=\"e-con-inner\">\n\t\t<a class=\"elementor-element elementor-element-0b902cb e-con-full vamtam-icon-hover-parent animated-fast e-flex elementor-invisible e-con e-child\" data-id=\"0b902cb\" data-element_type=\"container\" data-e-type=\"container\" data-settings=\"{&quot;background_background&quot;:&quot;classic&quot;,&quot;animation&quot;:&quot;slideInUp&quot;,&quot;animation_delay&quot;:0}\" href=\"https:\/\/neovalor.de\/?attachment_id=29\">\n\t\t\t\t<div class=\"elementor-element elementor-element-6413528 elementor-widget__width-initial elementor-widget elementor-widget-heading\" data-id=\"6413528\" data-element_type=\"widget\" data-e-type=\"widget\" data-widget_type=\"heading.default\">\n\t\t\t\t\t<h4 class=\"elementor-heading-title elementor-size-default\">Passives Einkommen generieren<\/h4>\t\t\t\t<\/div>\n\t\t\t\t<div class=\"elementor-element elementor-element-696c7dd elementor-widget elementor-widget-text-editor\" data-id=\"696c7dd\" data-element_type=\"widget\" data-e-type=\"widget\" data-widget_type=\"text-editor.default\">\n\t\t\t\t\t\t\t\t\t<p>Generieren Sie regelm\u00e4\u00dfige R\u00fcckfl\u00fcsse \u2013 je nach Strategie sogar mit t\u00e4glichen oder w\u00f6chentlichen Aussch\u00fcttungen direkt in Ihr Wallet.<\/p>\t\t\t\t\t\t\t\t<\/div>\n\t\t\t\t<\/a>\n\t\t<a class=\"elementor-element elementor-element-d47a519 e-con-full vamtam-icon-hover-parent animated-fast e-flex elementor-invisible e-con e-child\" data-id=\"d47a519\" data-element_type=\"container\" data-e-type=\"container\" data-settings=\"{&quot;background_background&quot;:&quot;classic&quot;,&quot;animation&quot;:&quot;slideInUp&quot;,&quot;animation_delay&quot;:0}\" href=\"https:\/\/neovalor.de\/?attachment_id=29\">\n\t\t\t\t<div class=\"elementor-element elementor-element-dde6e4a elementor-widget__width-initial elementor-widget elementor-widget-heading\" data-id=\"dde6e4a\" data-element_type=\"widget\" data-e-type=\"widget\" data-widget_type=\"heading.default\">\n\t\t\t\t\t<h4 class=\"elementor-heading-title elementor-size-default\">Unabh\u00e4ngigkeit von Kursverl\u00e4ufen<\/h4>\t\t\t\t<\/div>\n\t\t\t\t<div class=\"elementor-element elementor-element-7e07770 elementor-widget elementor-widget-text-editor\" data-id=\"7e07770\" data-element_type=\"widget\" data-e-type=\"widget\" data-widget_type=\"text-editor.default\">\n\t\t\t\t\t\t\t\t\t<p>Ihre Werke werden unter optimalen klimatischen und sicherheitstechnischen Bedingungen in hochsicheren Schweizer Zollfreilagern verwahrt und sind umfassend versichert.<\/p>\t\t\t\t\t\t\t\t<\/div>\n\t\t\t\t<\/a>\n\t\t<a class=\"elementor-element elementor-element-322c52e e-con-full vamtam-icon-hover-parent animated-fast e-flex elementor-invisible e-con e-child\" data-id=\"322c52e\" data-element_type=\"container\" data-e-type=\"container\" data-settings=\"{&quot;background_background&quot;:&quot;classic&quot;,&quot;animation&quot;:&quot;slideInUp&quot;,&quot;animation_delay&quot;:100}\" href=\"https:\/\/neovalor.de\/?p=558\">\n\t\t\t\t<div class=\"elementor-element elementor-element-c31d402 elementor-widget__width-initial elementor-widget elementor-widget-heading\" data-id=\"c31d402\" data-element_type=\"widget\" data-e-type=\"widget\" data-widget_type=\"heading.default\">\n\t\t\t\t\t<h4 class=\"elementor-heading-title elementor-size-default\">Volle Flexibilit\u00e4t<\/h4>\t\t\t\t<\/div>\n\t\t\t\t<div class=\"elementor-element elementor-element-01660f2 elementor-widget elementor-widget-text-editor\" data-id=\"01660f2\" data-element_type=\"widget\" data-e-type=\"widget\" data-widget_type=\"text-editor.default\">\n\t\t\t\t\t\t\t\t\t<p data-path-to-node=\"16,3,0\">Im Gegensatz zu festverzinslichen Anlagen \u00fcber Jahre hinweg, bieten viele Krypto-Cashflow-Strategien die M\u00f6glichkeit, flexibel und zeitnah \u00fcber Ihr Kapital zu verf\u00fcgen.<\/p>\t\t\t\t\t\t\t\t<\/div>\n\t\t\t\t<\/a>\n\t\t\t\t\t<\/div>\n\t\t\t\t<\/div>\n\t\t<div class=\"elementor-element elementor-element-7f876e8 e-flex e-con-boxed e-con e-child\" data-id=\"7f876e8\" data-element_type=\"container\" data-e-type=\"container\">\n\t\t\t\t\t<div class=\"e-con-inner\">\n\t\t<div class=\"elementor-element elementor-element-c7f0bea e-con-full e-flex e-con e-child\" data-id=\"c7f0bea\" data-element_type=\"container\" data-e-type=\"container\" data-settings=\"{&quot;background_background&quot;:&quot;classic&quot;}\">\n\t\t<div class=\"elementor-element elementor-element-9ace49b e-con-full e-flex e-con e-child\" data-id=\"9ace49b\" data-element_type=\"container\" data-e-type=\"container\">\n\t\t\t\t<div class=\"elementor-element elementor-element-4a3efd1 elementor-widget__width-initial elementor-widget elementor-widget-heading\" data-id=\"4a3efd1\" data-element_type=\"widget\" data-e-type=\"widget\" data-widget_type=\"heading.default\">\n\t\t\t\t\t<h3 class=\"elementor-heading-title elementor-size-default\">Wir zeigen Ihnen den Weg in die Welt des Krypto-Cashflows<\/h3>\t\t\t\t<\/div>\n\t\t\t\t<\/div>\n\t\t\t\t<div class=\"elementor-element elementor-element-1879d2d elementor-widget elementor-widget-text-editor\" data-id=\"1879d2d\" data-element_type=\"widget\" data-e-type=\"widget\" data-widget_type=\"text-editor.default\">\n\t\t\t\t\t\t\t\t\t<p data-path-to-node=\"20\">Wir nehmen Ihnen die technische Komplexit\u00e4t ab und begleiten Sie sicher in die Welt des dezentralen Finanzwesens.<\/p><p data-path-to-node=\"21,0,0\"><b data-path-to-node=\"21,0,0\" data-index-in-node=\"0\">Strategie &amp; Risikoprofil:<\/b> In einem pers\u00f6nlichen Gespr\u00e4ch analysieren wir Ihre Ziele und w\u00e4hlen die passenden Netzwerke und Cashflow-Strategien (z. B. Staking etablierter Coins) f\u00fcr Sie aus.<\/p><p data-path-to-node=\"21,1,0\"><b data-path-to-node=\"21,1,0\" data-index-in-node=\"0\">Setup &amp; Positionierung:<\/b> Wir unterst\u00fctzen Sie beim sicheren Erwerb und der korrekten Verwahrung Ihrer Assets. Anschlie\u00dfend aktivieren wir Ihre Werte, damit sie sofort beginnen, Rendite zu erwirtschaften.<\/p><p data-path-to-node=\"21,2,0\"><b data-path-to-node=\"21,2,0\" data-index-in-node=\"0\">Zur\u00fccklehnen &amp; Ertr\u00e4ge generieren:<\/b> Sie behalten jederzeit die volle Transparenz \u00fcber Ihr Portfolio und sehen live, wie Ihr passives Einkommen w\u00e4chst.<\/p>\t\t\t\t\t\t\t\t<\/div>\n\t\t\t\t<\/div>\n\t\t\t\t\t<\/div>\n\t\t\t\t<\/div>\n\t\t<div class=\"elementor-element elementor-element-e4c28ef e-flex e-con-boxed e-con e-parent\" data-id=\"e4c28ef\" data-element_type=\"container\" data-e-type=\"container\">\n\t\t\t\t\t<div class=\"e-con-inner\">\n\t\t<div class=\"elementor-element elementor-element-072c996 e-con-full e-flex elementor-invisible e-con e-child\" data-id=\"072c996\" data-element_type=\"container\" data-e-type=\"container\" data-settings=\"{&quot;background_background&quot;:&quot;classic&quot;,&quot;animation&quot;:&quot;fadeIn&quot;,&quot;animation_delay&quot;:100}\">\n\t\t<div class=\"elementor-element elementor-element-d104eca e-con-full blur-background e-flex elementor-invisible e-con e-child\" data-id=\"d104eca\" data-element_type=\"container\" data-e-type=\"container\" data-settings=\"{&quot;background_background&quot;:&quot;classic&quot;,&quot;animation&quot;:&quot;fadeIn&quot;}\">\n\t\t\t\t<div class=\"elementor-element elementor-element-f887ee5 elementor-view-stacked elementor-shape-circle elementor-widget elementor-widget-icon\" data-id=\"f887ee5\" data-element_type=\"widget\" data-e-type=\"widget\" data-widget_type=\"icon.default\">\n\t\t\t\t\t\t\t<div class=\"elementor-icon-wrapper\">\n\t\t\t<div class=\"elementor-icon\">\n\t\t\t<svg aria-hidden=\"true\" class=\"e-font-icon-svg e-fas-comments\" viewBox=\"0 0 576 512\" xmlns=\"http:\/\/www.w3.org\/2000\/svg\"><path d=\"M416 192c0-88.4-93.1-160-208-160S0 103.6 0 192c0 34.3 14.1 65.9 38 92-13.4 30.2-35.5 54.2-35.8 54.5-2.2 2.3-2.8 5.7-1.5 8.7S4.8 352 8 352c36.6 0 66.9-12.3 88.7-25 32.2 15.7 70.3 25 111.3 25 114.9 0 208-71.6 208-160zm122 220c23.9-26 38-57.7 38-92 0-66.9-53.5-124.2-129.3-148.1.9 6.6 1.3 13.3 1.3 20.1 0 105.9-107.7 192-240 192-10.8 0-21.3-.8-31.7-1.9C207.8 439.6 281.8 480 368 480c41 0 79.1-9.2 111.3-25 21.8 12.7 52.1 25 88.7 25 3.2 0 6.1-1.9 7.3-4.8 1.3-2.9.7-6.3-1.5-8.7-.3-.3-22.4-24.2-35.8-54.5z\"><\/path><\/svg>\t\t\t<\/div>\n\t\t<\/div>\n\t\t\t\t\t\t<\/div>\n\t\t\t\t<\/div>\n\t\t<div class=\"elementor-element elementor-element-04e3b84 e-con-full e-flex e-con e-child\" data-id=\"04e3b84\" data-element_type=\"container\" data-e-type=\"container\">\n\t\t<div class=\"elementor-element elementor-element-8c907ef e-con-full e-flex e-con e-child\" data-id=\"8c907ef\" data-element_type=\"container\" data-e-type=\"container\">\n\t\t\t\t<div class=\"elementor-element elementor-element-5ce3544 animated-fast elementor-widget__width-initial elementor-invisible elementor-widget elementor-widget-heading\" data-id=\"5ce3544\" data-element_type=\"widget\" data-e-type=\"widget\" data-settings=\"{&quot;_animation&quot;:&quot;fadeIn&quot;,&quot;_animation_delay&quot;:0}\" data-widget_type=\"heading.default\">\n\t\t\t\t\t<div class=\"elementor-heading-title elementor-size-default\">Verm\u00f6gen aufbauen,<br \/> sch\u00fctzen, \u00fcbertragen.\n<\/div>\t\t\t\t<\/div>\n\t\t\t\t<\/div>\n\t\t<div class=\"elementor-element elementor-element-05db759 e-con-full animated-fast e-flex elementor-invisible e-con e-child\" data-id=\"05db759\" data-element_type=\"container\" data-e-type=\"container\" data-settings=\"{&quot;animation&quot;:&quot;fadeIn&quot;,&quot;animation_delay&quot;:100}\">\n\t\t\t\t<div class=\"elementor-element elementor-element-007c42a elementor-widget elementor-widget-button\" data-id=\"007c42a\" data-element_type=\"widget\" data-e-type=\"widget\" data-widget_type=\"button.default\">\n\t\t\t\t\t\t\t\t\t\t<a class=\"elementor-button elementor-button-link elementor-size-sm\" href=\"https:\/\/neovalor.de\/index.php\/kontakt\/\">\n\t\t\t\t\t\t<span class=\"elementor-button-content-wrapper\">\n\t\t\t\t\t\t<span class=\"elementor-button-icon\">\n\t\t\t\t<svg aria-hidden=\"true\" class=\"e-font-icon-svg e-fas-long-arrow-alt-right\" viewBox=\"0 0 448 512\" xmlns=\"http:\/\/www.w3.org\/2000\/svg\"><path d=\"M313.941 216H12c-6.627 0-12 5.373-12 12v56c0 6.627 5.373 12 12 12h301.941v46.059c0 21.382 25.851 32.09 40.971 16.971l86.059-86.059c9.373-9.373 9.373-24.569 0-33.941l-86.059-86.059c-15.119-15.119-40.971-4.411-40.971 16.971V216z\"><\/path><\/svg>\t\t\t<\/span>\n\t\t\t\t\t\t\t\t\t<span class=\"elementor-button-text\">Kostenlose Beratung buchen<\/span>\n\t\t\t\t\t<\/span>\n\t\t\t\t\t<\/a>\n\t\t\t\t\t\t\t\t<\/div>\n\t\t\t\t<\/div>\n\t\t\t\t<\/div>\n\t\t\t\t<\/div>\n\t\t\t\t\t<\/div>\n\t\t\t\t<\/div>\n\t\t\t\t<\/div>\n\t\t","protected":false},"excerpt":{"rendered":"<p>Krypto Cashflow Lassen Sie Ihre digitalen Werte f\u00fcr sich arbeiten und nutzen Sie etablierte Strategien aus dem dezentralen Finanzwesen (DeFi), um rund um die Uhr regelm\u00e4\u00dfige Ertr\u00e4ge aus Ihrem Krypto-Portfolio zu generieren \u2013 smart, transparent und renditestark. Nicht einfach nur kaufen und halten Die Zeiten, in denen man Kryptow\u00e4hrungen nur kaufte, um tatenlos auf den [&hellip;]<\/p>\n","protected":false},"author":1,"featured_media":0,"parent":0,"menu_order":0,"comment_status":"closed","ping_status":"closed","template":"elementor_header_footer","meta":{"footnotes":""},"class_list":["post-547","page","type-page","status-publish","hentry"],"yoast_head":"<!-- This site is optimized with the Yoast SEO plugin v27.2 - https:\/\/yoast.com\/product\/yoast-seo-wordpress\/ -->\n<title>Krypto Cashflow: Passives Einkommen mit DeFi &amp; Staking<\/title>\n<meta name=\"description\" content=\"Nutzen Sie Krypto Cashflow f\u00fcr passives Einkommen. Lassen Sie digitale Werte f\u00fcr sich arbeiten \u2013 unabh\u00e4ngig von Banken und transparent.\" \/>\n<meta name=\"robots\" content=\"index, follow, max-snippet:-1, max-image-preview:large, max-video-preview:-1\" \/>\n<link rel=\"canonical\" href=\"https:\/\/neovalor.de\/index.php\/krypto-chasflow\/\" \/>\n<meta property=\"og:locale\" content=\"de_DE\" \/>\n<meta property=\"og:type\" content=\"article\" \/>\n<meta property=\"og:title\" content=\"Krypto Cashflow: Passives Einkommen mit DeFi &amp; Staking\" \/>\n<meta property=\"og:description\" content=\"Nutzen Sie Krypto Cashflow f\u00fcr passives Einkommen. Lassen Sie digitale Werte f\u00fcr sich arbeiten \u2013 unabh\u00e4ngig von Banken und transparent.\" \/>\n<meta property=\"og:url\" content=\"https:\/\/neovalor.de\/index.php\/krypto-chasflow\/\" \/>\n<meta property=\"og:site_name\" content=\"Neo Valor\" \/>\n<meta property=\"article:modified_time\" content=\"2026-03-27T14:10:43+00:00\" \/>\n<meta property=\"og:image\" content=\"https:\/\/neovalor.de\/wp-content\/uploads\/2026\/03\/neovalor-krypto-cashflow-hero-01.webp\" \/>\n<meta name=\"twitter:card\" content=\"summary_large_image\" \/>\n<meta name=\"twitter:label1\" content=\"Gesch\u00e4tzte Lesezeit\" \/>\n\t<meta name=\"twitter:data1\" content=\"2\u00a0Minuten\" \/>\n<script type=\"application\/ld+json\" class=\"yoast-schema-graph\">{\"@context\":\"https:\/\/schema.org\",\"@graph\":[{\"@type\":\"WebPage\",\"@id\":\"https:\/\/neovalor.de\/index.php\/krypto-chasflow\/\",\"url\":\"https:\/\/neovalor.de\/index.php\/krypto-chasflow\/\",\"name\":\"Krypto Cashflow: Passives Einkommen mit DeFi & Staking\",\"isPartOf\":{\"@id\":\"https:\/\/neovalor.de\/#website\"},\"primaryImageOfPage\":{\"@id\":\"https:\/\/neovalor.de\/index.php\/krypto-chasflow\/#primaryimage\"},\"image\":{\"@id\":\"https:\/\/neovalor.de\/index.php\/krypto-chasflow\/#primaryimage\"},\"thumbnailUrl\":\"https:\/\/neovalor.de\/wp-content\/uploads\/2026\/03\/neovalor-krypto-cashflow-hero-01.webp\",\"datePublished\":\"2026-03-06T13:49:45+00:00\",\"dateModified\":\"2026-03-27T14:10:43+00:00\",\"description\":\"Nutzen Sie Krypto Cashflow f\u00fcr passives Einkommen. Lassen Sie digitale Werte f\u00fcr sich arbeiten \u2013 unabh\u00e4ngig von Banken und transparent.\",\"breadcrumb\":{\"@id\":\"https:\/\/neovalor.de\/index.php\/krypto-chasflow\/#breadcrumb\"},\"inLanguage\":\"de\",\"potentialAction\":[{\"@type\":\"ReadAction\",\"target\":[\"https:\/\/neovalor.de\/index.php\/krypto-chasflow\/\"]}]},{\"@type\":\"ImageObject\",\"inLanguage\":\"de\",\"@id\":\"https:\/\/neovalor.de\/index.php\/krypto-chasflow\/#primaryimage\",\"url\":\"https:\/\/neovalor.de\/wp-content\/uploads\/2026\/03\/neovalor-krypto-cashflow-hero-01.webp\",\"contentUrl\":\"https:\/\/neovalor.de\/wp-content\/uploads\/2026\/03\/neovalor-krypto-cashflow-hero-01.webp\",\"width\":2560,\"height\":1396},{\"@type\":\"BreadcrumbList\",\"@id\":\"https:\/\/neovalor.de\/index.php\/krypto-chasflow\/#breadcrumb\",\"itemListElement\":[{\"@type\":\"ListItem\",\"position\":1,\"name\":\"Start\",\"item\":\"https:\/\/neovalor.de\/\"},{\"@type\":\"ListItem\",\"position\":2,\"name\":\"Krypto-Chasflow\"}]},{\"@type\":\"WebSite\",\"@id\":\"https:\/\/neovalor.de\/#website\",\"url\":\"https:\/\/neovalor.de\/\",\"name\":\"Neo Valor\",\"description\":\"Verm\u00f6gen aufbauen, vermehren, sch\u00fctzen.\",\"publisher\":{\"@id\":\"https:\/\/neovalor.de\/#organization\"},\"potentialAction\":[{\"@type\":\"SearchAction\",\"target\":{\"@type\":\"EntryPoint\",\"urlTemplate\":\"https:\/\/neovalor.de\/?s={search_term_string}\"},\"query-input\":{\"@type\":\"PropertyValueSpecification\",\"valueRequired\":true,\"valueName\":\"search_term_string\"}}],\"inLanguage\":\"de\"},{\"@type\":\"Organization\",\"@id\":\"https:\/\/neovalor.de\/#organization\",\"name\":\"Neo Valor\",\"url\":\"https:\/\/neovalor.de\/\",\"logo\":{\"@type\":\"ImageObject\",\"inLanguage\":\"de\",\"@id\":\"https:\/\/neovalor.de\/#\/schema\/logo\/image\/\",\"url\":\"https:\/\/neovalor.de\/wp-content\/uploads\/2025\/09\/final_neovalor-wortbildmarke-neon-petrol-logo-small-web-sized.svg\",\"contentUrl\":\"https:\/\/neovalor.de\/wp-content\/uploads\/2025\/09\/final_neovalor-wortbildmarke-neon-petrol-logo-small-web-sized.svg\",\"width\":100,\"height\":100,\"caption\":\"Neo Valor\"},\"image\":{\"@id\":\"https:\/\/neovalor.de\/#\/schema\/logo\/image\/\"}}]}<\/script>\n<!-- \/ Yoast SEO plugin. -->","yoast_head_json":{"title":"Krypto Cashflow: Passives Einkommen mit DeFi & Staking","description":"Nutzen Sie Krypto Cashflow f\u00fcr passives Einkommen. Lassen Sie digitale Werte f\u00fcr sich arbeiten \u2013 unabh\u00e4ngig von Banken und transparent.","robots":{"index":"index","follow":"follow","max-snippet":"max-snippet:-1","max-image-preview":"max-image-preview:large","max-video-preview":"max-video-preview:-1"},"canonical":"https:\/\/neovalor.de\/index.php\/krypto-chasflow\/","og_locale":"de_DE","og_type":"article","og_title":"Krypto Cashflow: Passives Einkommen mit DeFi & Staking","og_description":"Nutzen Sie Krypto Cashflow f\u00fcr passives Einkommen. Lassen Sie digitale Werte f\u00fcr sich arbeiten \u2013 unabh\u00e4ngig von Banken und transparent.","og_url":"https:\/\/neovalor.de\/index.php\/krypto-chasflow\/","og_site_name":"Neo Valor","article_modified_time":"2026-03-27T14:10:43+00:00","og_image":[{"url":"https:\/\/neovalor.de\/wp-content\/uploads\/2026\/03\/neovalor-krypto-cashflow-hero-01.webp","type":"","width":"","height":""}],"twitter_card":"summary_large_image","twitter_misc":{"Gesch\u00e4tzte Lesezeit":"2\u00a0Minuten"},"schema":{"@context":"https:\/\/schema.org","@graph":[{"@type":"WebPage","@id":"https:\/\/neovalor.de\/index.php\/krypto-chasflow\/","url":"https:\/\/neovalor.de\/index.php\/krypto-chasflow\/","name":"Krypto Cashflow: Passives Einkommen mit DeFi & Staking","isPartOf":{"@id":"https:\/\/neovalor.de\/#website"},"primaryImageOfPage":{"@id":"https:\/\/neovalor.de\/index.php\/krypto-chasflow\/#primaryimage"},"image":{"@id":"https:\/\/neovalor.de\/index.php\/krypto-chasflow\/#primaryimage"},"thumbnailUrl":"https:\/\/neovalor.de\/wp-content\/uploads\/2026\/03\/neovalor-krypto-cashflow-hero-01.webp","datePublished":"2026-03-06T13:49:45+00:00","dateModified":"2026-03-27T14:10:43+00:00","description":"Nutzen Sie Krypto Cashflow f\u00fcr passives Einkommen. Lassen Sie digitale Werte f\u00fcr sich arbeiten \u2013 unabh\u00e4ngig von Banken und transparent.","breadcrumb":{"@id":"https:\/\/neovalor.de\/index.php\/krypto-chasflow\/#breadcrumb"},"inLanguage":"de","potentialAction":[{"@type":"ReadAction","target":["https:\/\/neovalor.de\/index.php\/krypto-chasflow\/"]}]},{"@type":"ImageObject","inLanguage":"de","@id":"https:\/\/neovalor.de\/index.php\/krypto-chasflow\/#primaryimage","url":"https:\/\/neovalor.de\/wp-content\/uploads\/2026\/03\/neovalor-krypto-cashflow-hero-01.webp","contentUrl":"https:\/\/neovalor.de\/wp-content\/uploads\/2026\/03\/neovalor-krypto-cashflow-hero-01.webp","width":2560,"height":1396},{"@type":"BreadcrumbList","@id":"https:\/\/neovalor.de\/index.php\/krypto-chasflow\/#breadcrumb","itemListElement":[{"@type":"ListItem","position":1,"name":"Start","item":"https:\/\/neovalor.de\/"},{"@type":"ListItem","position":2,"name":"Krypto-Chasflow"}]},{"@type":"WebSite","@id":"https:\/\/neovalor.de\/#website","url":"https:\/\/neovalor.de\/","name":"Neo Valor","description":"Verm\u00f6gen aufbauen, vermehren, sch\u00fctzen.","publisher":{"@id":"https:\/\/neovalor.de\/#organization"},"potentialAction":[{"@type":"SearchAction","target":{"@type":"EntryPoint","urlTemplate":"https:\/\/neovalor.de\/?s={search_term_string}"},"query-input":{"@type":"PropertyValueSpecification","valueRequired":true,"valueName":"search_term_string"}}],"inLanguage":"de"},{"@type":"Organization","@id":"https:\/\/neovalor.de\/#organization","name":"Neo Valor","url":"https:\/\/neovalor.de\/","logo":{"@type":"ImageObject","inLanguage":"de","@id":"https:\/\/neovalor.de\/#\/schema\/logo\/image\/","url":"https:\/\/neovalor.de\/wp-content\/uploads\/2025\/09\/final_neovalor-wortbildmarke-neon-petrol-logo-small-web-sized.svg","contentUrl":"https:\/\/neovalor.de\/wp-content\/uploads\/2025\/09\/final_neovalor-wortbildmarke-neon-petrol-logo-small-web-sized.svg","width":100,"height":100,"caption":"Neo Valor"},"image":{"@id":"https:\/\/neovalor.de\/#\/schema\/logo\/image\/"}}]}},"_links":{"self":[{"href":"https:\/\/neovalor.de\/index.php\/wp-json\/wp\/v2\/pages\/547","targetHints":{"allow":["GET"]}}],"collection":[{"href":"https:\/\/neovalor.de\/index.php\/wp-json\/wp\/v2\/pages"}],"about":[{"href":"https:\/\/neovalor.de\/index.php\/wp-json\/wp\/v2\/types\/page"}],"author":[{"embeddable":true,"href":"https:\/\/neovalor.de\/index.php\/wp-json\/wp\/v2\/users\/1"}],"replies":[{"embeddable":true,"href":"https:\/\/neovalor.de\/index.php\/wp-json\/wp\/v2\/comments?post=547"}],"version-history":[{"count":22,"href":"https:\/\/neovalor.de\/index.php\/wp-json\/wp\/v2\/pages\/547\/revisions"}],"predecessor-version":[{"id":784,"href":"https:\/\/neovalor.de\/index.php\/wp-json\/wp\/v2\/pages\/547\/revisions\/784"}],"wp:attachment":[{"href":"https:\/\/neovalor.de\/index.php\/wp-json\/wp\/v2\/media?parent=547"}],"curies":[{"name":"wp","href":"https:\/\/api.w.org\/{rel}","templated":true}]}}