{"id":97,"date":"2025-09-30T10:45:38","date_gmt":"2025-09-30T10:45:38","guid":{"rendered":"https:\/\/neovalor.de\/?page_id=97"},"modified":"2026-03-06T19:34:15","modified_gmt":"2026-03-06T19:34:15","slug":"impressum","status":"publish","type":"page","link":"https:\/\/neovalor.de\/index.php\/impressum\/","title":{"rendered":"Impressum"},"content":{"rendered":"\t\t<div data-elementor-type=\"wp-page\" data-elementor-id=\"97\" class=\"elementor elementor-97\" data-elementor-post-type=\"page\">\n\t\t\t\t<div class=\"elementor-element elementor-element-d1b0b05 e-con-full e-flex e-con e-parent\" data-id=\"d1b0b05\" data-element_type=\"container\" data-e-type=\"container\">\n\t\t<div class=\"elementor-element elementor-element-fbb6640 e-flex e-con-boxed e-con e-child\" data-id=\"fbb6640\" data-element_type=\"container\" data-e-type=\"container\" data-settings=\"{&quot;background_background&quot;:&quot;gradient&quot;}\">\n\t\t\t\t\t<div class=\"e-con-inner\">\n\t\t<div class=\"elementor-element elementor-element-ca8318b e-con-full e-flex e-con e-child\" data-id=\"ca8318b\" data-element_type=\"container\" data-e-type=\"container\">\n\t\t<div class=\"elementor-element elementor-element-bd6be71 e-con-full e-flex e-con e-child\" data-id=\"bd6be71\" data-element_type=\"container\" data-e-type=\"container\">\n\t\t\t\t<div class=\"elementor-element elementor-element-4b2cde5 elementor-widget-mobile__width-auto animated-fast elementor-invisible elementor-widget elementor-widget-heading\" data-id=\"4b2cde5\" data-element_type=\"widget\" data-e-type=\"widget\" data-settings=\"{&quot;_animation&quot;:&quot;fadeInUp&quot;,&quot;_animation_delay&quot;:0}\" data-widget_type=\"heading.default\">\n\t\t\t\t\t<h1 class=\"elementor-heading-title elementor-size-default\">Impressum<\/h1>\t\t\t\t<\/div>\n\t\t\t\t<\/div>\n\t\t\t\t<\/div>\n\t\t\t\t\t<\/div>\n\t\t\t\t<\/div>\n\t\t\t\t<\/div>\n\t\t<div class=\"elementor-element elementor-element-7b4d56d e-flex e-con-boxed e-con e-child\" data-id=\"7b4d56d\" data-element_type=\"container\" data-e-type=\"container\">\n\t\t\t\t\t<div class=\"e-con-inner\">\n\t\t<div class=\"elementor-element elementor-element-a17f854 e-con-full e-flex e-con e-child\" data-id=\"a17f854\" data-element_type=\"container\" data-e-type=\"container\" data-settings=\"{&quot;background_background&quot;:&quot;classic&quot;}\">\n\t\t\t\t<div class=\"elementor-element elementor-element-de5f8d0 elementor-widget elementor-widget-text-editor\" data-id=\"de5f8d0\" data-element_type=\"widget\" data-e-type=\"widget\" data-widget_type=\"text-editor.default\">\n\t\t\t\t\t\t\t\t\t<p>Angaben gem\u00e4\u00df \u00a7 5 DDG<br \/>NEOVALOR GbR<br \/>Alexander Dros und Florian W. Pittroff\u2028<br \/>Drosselweg 3<br \/>D-97318 Kitzingen<\/p><p>Kontakt<br \/>Tel: +49 (0) 017670739534\u2028<br \/>E-Mail: info@neovalor.de<\/p><p>Streitschlichtung<br \/>Die Europ\u00e4ische Kommission stellt eine Plattform zur Online-Streitbeilegung (OS) bereit: https:\/\/ec.europa.eu\/consumers\/odr.\u2028Unsere E-Mail-Adresse finden Sie oben im Impressum.<br \/>Wir sind nicht bereit oder verpflichtet, an Streitbeilegungsverfahren vor einer Verbraucherschlichtungsstelle teilzunehmen.<br \/>Haftung f\u00fcr Inhalte<br \/>Als Diensteanbieter sind wir gem\u00e4\u00df \u00a7 7 Abs.1 TMG f\u00fcr eigene Inhalte auf diesen Seiten nach den allgemeinen Gesetzen verantwortlich. Nach \u00a7\u00a7 8 bis 10 TMG sind wir als Diensteanbieter jedoch nicht verpflichtet, \u00fcbermittelte oder gespeicherte fremde Informationen zu \u00fcberwachen oder nach Umst\u00e4nden zu forschen, die auf eine rechtswidrige T\u00e4tigkeit hinweisen.<br \/>Verpflichtungen zur Entfernung oder Sperrung der Nutzung von Informationen nach den allgemeinen Gesetzen bleiben hiervon unber\u00fchrt. Eine diesbez\u00fcgliche Haftung ist jedoch erst ab dem Zeitpunkt der Kenntnis einer konkreten Rechtsverletzung m\u00f6glich. Bei Bekanntwerden von entsprechenden Rechtsverletzungen werden wir diese Inhalte umgehend entfernen.<br \/>Haftung f\u00fcr Links<br \/>Unser Angebot enth\u00e4lt Links zu externen Websites Dritter, auf deren Inhalte wir keinen Einfluss haben. Deshalb k\u00f6nnen wir f\u00fcr diese fremden Inhalte auch keine Gew\u00e4hr \u00fcbernehmen. F\u00fcr die Inhalte der verlinkten Seiten ist stets der jeweilige Anbieter oder Betreiber der Seiten verantwortlich. Die verlinkten Seiten wurden zum Zeitpunkt der Verlinkung auf m\u00f6gliche Rechtsverst\u00f6\u00dfe \u00fcberpr\u00fcft. Rechtswidrige Inhalte waren zum Zeitpunkt der Verlinkung nicht erkennbar.<br \/>Eine permanente inhaltliche Kontrolle der verlinkten Seiten ist jedoch ohne konkrete Anhaltspunkte einer Rechtsverletzung nicht zumutbar. Bei Bekanntwerden von Rechtsverletzungen werden wir derartige Links umgehend entfernen.<br \/>Urheberrecht<br \/>Die durch die Seitenbetreiber erstellten Inhalte und Werke auf diesen Seiten unterliegen dem deutschen Urheberrecht. Die Vervielf\u00e4ltigung, Bearbeitung, Verbreitung und jede Art der Verwertung au\u00dferhalb der Grenzen des Urheberrechtes bed\u00fcrfen der schriftlichen Zustimmung des jeweiligen Autors bzw. Erstellers. Downloads und Kopien dieser Seite sind nur f\u00fcr den privaten, nicht kommerziellen Gebrauch gestattet.<br \/>Soweit die Inhalte auf dieser Seite nicht vom Betreiber erstellt wurden, werden die Urheberrechte Dritter beachtet. Insbesondere werden Inhalte Dritter als solche gekennzeichnet. Sollten Sie trotzdem auf eine Urheberrechtsverletzung aufmerksam werden, bitten wir um einen entsprechenden Hinweis. Bei Bekanntwerden von Rechtsverletzungen werden wir derartige Inhalte umgehend entfernen.<br \/>Risikohinweis und Haftungsausschluss:<br \/>Die hier angebotenen Artikel, Informationen und Analysen dienen ausschlie\u00dflich zu Informationszwecken und stellen keine Kauf- oder Verkaufsempfehlungen dar. Sie stellen weder eine explizite noch implizite Zusicherung bestimmter Kursentwicklungen oder eine Aufforderung zum Handeln dar. Investitionen in Rohstoffe bergen Risiken, die zu einem Totalverlust des eingesetzten Kapitals f\u00fchren k\u00f6nnen. Diese Informationen ersetzen keine fachkundige, auf den individuellen Bedarf abgestimmte Anlageberatung. Eine explizite oder implizite Haftung oder Garantie f\u00fcr die Aktualit\u00e4t, Richtigkeit, Angemessenheit und Vollst\u00e4ndigkeit der bereitgestellten Informationen sowie f\u00fcr etwaige finanzielle Sch\u00e4den wird nicht \u00fcbernommen.<br \/>Deutscher Verm\u00f6gensschutz bietet keine Finanzdienstleistungen und\/oder Finanzberatung an.<br \/>Deutscher Verm\u00f6gensschutz vertreibt als Metallhandelsunternehmen Hightech-Metalle an Privat- und Gewerbekunden. Deutscher Verm\u00f6gensschutz garantiert keine kontinuierliche Verzinsung des in Metalle investierten Geldes und macht keine Vorhersagen \u00fcber Wertsteigerungen oder verspricht Werterhalt. Deutscher Verm\u00f6gensschutz versteht sich im Handel mit Privatkunden ausschlie\u00dflich als H\u00e4ndler von Hightech-Metallen in rein physischer Form.<br \/>Deutscher Verm\u00f6gensschutz weist Privatkunden darauf hin, dass der Weiterverkauf von Metallen zu keiner Zeit von irgendeiner Partei garantiert wird. In Zeiten m\u00e4\u00dfigen Handels und \u00dcberangebots kann der Verkauf erworbener Metalle zu erheblichen Preisnachl\u00e4ssen f\u00fchren.<br \/>Bitte beachten Sie auch die Risikohinweise im Kaufvertrag.<\/p>\t\t\t\t\t\t\t\t<\/div>\n\t\t\t\t<\/div>\n\t\t\t\t\t<\/div>\n\t\t\t\t<\/div>\n\t\t\t\t<\/div>\n\t\t","protected":false},"excerpt":{"rendered":"<p>Impressum Angaben gem\u00e4\u00df \u00a7 5 DDGNEOVALOR GbRAlexander Dros und Florian W. Pittroff\u2028Drosselweg 3D-97318 Kitzingen KontaktTel: +49 (0) 017670739534\u2028E-Mail: info@neovalor.de StreitschlichtungDie Europ\u00e4ische Kommission stellt eine Plattform zur Online-Streitbeilegung (OS) bereit: https:\/\/ec.europa.eu\/consumers\/odr.\u2028Unsere E-Mail-Adresse finden Sie oben im Impressum.Wir sind nicht bereit oder verpflichtet, an Streitbeilegungsverfahren vor einer Verbraucherschlichtungsstelle teilzunehmen.Haftung f\u00fcr InhalteAls Diensteanbieter sind wir gem\u00e4\u00df \u00a7 7 [&hellip;]<\/p>\n","protected":false},"author":1,"featured_media":0,"parent":0,"menu_order":0,"comment_status":"closed","ping_status":"closed","template":"","meta":{"footnotes":""},"class_list":["post-97","page","type-page","status-publish","hentry"],"yoast_head":"<!-- This site is optimized with the Yoast SEO plugin v27.2 - https:\/\/yoast.com\/product\/yoast-seo-wordpress\/ -->\n<title>Impressum - Neo Valor<\/title>\n<meta name=\"robots\" content=\"index, follow, max-snippet:-1, max-image-preview:large, max-video-preview:-1\" \/>\n<link rel=\"canonical\" href=\"https:\/\/neovalor.de\/index.php\/impressum\/\" \/>\n<meta property=\"og:locale\" content=\"de_DE\" \/>\n<meta property=\"og:type\" content=\"article\" \/>\n<meta property=\"og:title\" content=\"Impressum - Neo Valor\" \/>\n<meta property=\"og:description\" content=\"Impressum Angaben gem\u00e4\u00df \u00a7 5 DDGNEOVALOR GbRAlexander Dros und Florian W. Pittroff\u2028Drosselweg 3D-97318 Kitzingen KontaktTel: +49 (0) 017670739534\u2028E-Mail: info@neovalor.de StreitschlichtungDie Europ\u00e4ische Kommission stellt eine Plattform zur Online-Streitbeilegung (OS) bereit: https:\/\/ec.europa.eu\/consumers\/odr.\u2028Unsere E-Mail-Adresse finden Sie oben im Impressum.Wir sind nicht bereit oder verpflichtet, an Streitbeilegungsverfahren vor einer Verbraucherschlichtungsstelle teilzunehmen.Haftung f\u00fcr InhalteAls Diensteanbieter sind wir gem\u00e4\u00df \u00a7 7 [&hellip;]\" \/>\n<meta property=\"og:url\" content=\"https:\/\/neovalor.de\/index.php\/impressum\/\" \/>\n<meta property=\"og:site_name\" content=\"Neo Valor\" \/>\n<meta property=\"article:modified_time\" content=\"2026-03-06T19:34:15+00:00\" \/>\n<meta name=\"twitter:card\" content=\"summary_large_image\" \/>\n<meta name=\"twitter:label1\" content=\"Gesch\u00e4tzte Lesezeit\" \/>\n\t<meta name=\"twitter:data1\" content=\"3\u00a0Minuten\" \/>\n<script type=\"application\/ld+json\" class=\"yoast-schema-graph\">{\"@context\":\"https:\/\/schema.org\",\"@graph\":[{\"@type\":\"WebPage\",\"@id\":\"https:\/\/neovalor.de\/index.php\/impressum\/\",\"url\":\"https:\/\/neovalor.de\/index.php\/impressum\/\",\"name\":\"Impressum - Neo Valor\",\"isPartOf\":{\"@id\":\"https:\/\/neovalor.de\/#website\"},\"datePublished\":\"2025-09-30T10:45:38+00:00\",\"dateModified\":\"2026-03-06T19:34:15+00:00\",\"breadcrumb\":{\"@id\":\"https:\/\/neovalor.de\/index.php\/impressum\/#breadcrumb\"},\"inLanguage\":\"de\",\"potentialAction\":[{\"@type\":\"ReadAction\",\"target\":[\"https:\/\/neovalor.de\/index.php\/impressum\/\"]}]},{\"@type\":\"BreadcrumbList\",\"@id\":\"https:\/\/neovalor.de\/index.php\/impressum\/#breadcrumb\",\"itemListElement\":[{\"@type\":\"ListItem\",\"position\":1,\"name\":\"Start\",\"item\":\"https:\/\/neovalor.de\/\"},{\"@type\":\"ListItem\",\"position\":2,\"name\":\"Impressum\"}]},{\"@type\":\"WebSite\",\"@id\":\"https:\/\/neovalor.de\/#website\",\"url\":\"https:\/\/neovalor.de\/\",\"name\":\"Neo Valor\",\"description\":\"Verm\u00f6gen aufbauen, vermehren, sch\u00fctzen.\",\"publisher\":{\"@id\":\"https:\/\/neovalor.de\/#organization\"},\"potentialAction\":[{\"@type\":\"SearchAction\",\"target\":{\"@type\":\"EntryPoint\",\"urlTemplate\":\"https:\/\/neovalor.de\/?s={search_term_string}\"},\"query-input\":{\"@type\":\"PropertyValueSpecification\",\"valueRequired\":true,\"valueName\":\"search_term_string\"}}],\"inLanguage\":\"de\"},{\"@type\":\"Organization\",\"@id\":\"https:\/\/neovalor.de\/#organization\",\"name\":\"Neo Valor\",\"url\":\"https:\/\/neovalor.de\/\",\"logo\":{\"@type\":\"ImageObject\",\"inLanguage\":\"de\",\"@id\":\"https:\/\/neovalor.de\/#\/schema\/logo\/image\/\",\"url\":\"https:\/\/neovalor.de\/wp-content\/uploads\/2025\/09\/final_neovalor-wortbildmarke-neon-petrol-logo-small-web-sized.svg\",\"contentUrl\":\"https:\/\/neovalor.de\/wp-content\/uploads\/2025\/09\/final_neovalor-wortbildmarke-neon-petrol-logo-small-web-sized.svg\",\"width\":100,\"height\":100,\"caption\":\"Neo Valor\"},\"image\":{\"@id\":\"https:\/\/neovalor.de\/#\/schema\/logo\/image\/\"}}]}<\/script>\n<!-- \/ Yoast SEO plugin. -->","yoast_head_json":{"title":"Impressum - Neo Valor","robots":{"index":"index","follow":"follow","max-snippet":"max-snippet:-1","max-image-preview":"max-image-preview:large","max-video-preview":"max-video-preview:-1"},"canonical":"https:\/\/neovalor.de\/index.php\/impressum\/","og_locale":"de_DE","og_type":"article","og_title":"Impressum - Neo Valor","og_description":"Impressum Angaben gem\u00e4\u00df \u00a7 5 DDGNEOVALOR GbRAlexander Dros und Florian W. Pittroff\u2028Drosselweg 3D-97318 Kitzingen KontaktTel: +49 (0) 017670739534\u2028E-Mail: info@neovalor.de StreitschlichtungDie Europ\u00e4ische Kommission stellt eine Plattform zur Online-Streitbeilegung (OS) bereit: https:\/\/ec.europa.eu\/consumers\/odr.\u2028Unsere E-Mail-Adresse finden Sie oben im Impressum.Wir sind nicht bereit oder verpflichtet, an Streitbeilegungsverfahren vor einer Verbraucherschlichtungsstelle teilzunehmen.Haftung f\u00fcr InhalteAls Diensteanbieter sind wir gem\u00e4\u00df \u00a7 7 [&hellip;]","og_url":"https:\/\/neovalor.de\/index.php\/impressum\/","og_site_name":"Neo Valor","article_modified_time":"2026-03-06T19:34:15+00:00","twitter_card":"summary_large_image","twitter_misc":{"Gesch\u00e4tzte Lesezeit":"3\u00a0Minuten"},"schema":{"@context":"https:\/\/schema.org","@graph":[{"@type":"WebPage","@id":"https:\/\/neovalor.de\/index.php\/impressum\/","url":"https:\/\/neovalor.de\/index.php\/impressum\/","name":"Impressum - Neo Valor","isPartOf":{"@id":"https:\/\/neovalor.de\/#website"},"datePublished":"2025-09-30T10:45:38+00:00","dateModified":"2026-03-06T19:34:15+00:00","breadcrumb":{"@id":"https:\/\/neovalor.de\/index.php\/impressum\/#breadcrumb"},"inLanguage":"de","potentialAction":[{"@type":"ReadAction","target":["https:\/\/neovalor.de\/index.php\/impressum\/"]}]},{"@type":"BreadcrumbList","@id":"https:\/\/neovalor.de\/index.php\/impressum\/#breadcrumb","itemListElement":[{"@type":"ListItem","position":1,"name":"Start","item":"https:\/\/neovalor.de\/"},{"@type":"ListItem","position":2,"name":"Impressum"}]},{"@type":"WebSite","@id":"https:\/\/neovalor.de\/#website","url":"https:\/\/neovalor.de\/","name":"Neo Valor","description":"Verm\u00f6gen aufbauen, vermehren, sch\u00fctzen.","publisher":{"@id":"https:\/\/neovalor.de\/#organization"},"potentialAction":[{"@type":"SearchAction","target":{"@type":"EntryPoint","urlTemplate":"https:\/\/neovalor.de\/?s={search_term_string}"},"query-input":{"@type":"PropertyValueSpecification","valueRequired":true,"valueName":"search_term_string"}}],"inLanguage":"de"},{"@type":"Organization","@id":"https:\/\/neovalor.de\/#organization","name":"Neo Valor","url":"https:\/\/neovalor.de\/","logo":{"@type":"ImageObject","inLanguage":"de","@id":"https:\/\/neovalor.de\/#\/schema\/logo\/image\/","url":"https:\/\/neovalor.de\/wp-content\/uploads\/2025\/09\/final_neovalor-wortbildmarke-neon-petrol-logo-small-web-sized.svg","contentUrl":"https:\/\/neovalor.de\/wp-content\/uploads\/2025\/09\/final_neovalor-wortbildmarke-neon-petrol-logo-small-web-sized.svg","width":100,"height":100,"caption":"Neo Valor"},"image":{"@id":"https:\/\/neovalor.de\/#\/schema\/logo\/image\/"}}]}},"_links":{"self":[{"href":"https:\/\/neovalor.de\/index.php\/wp-json\/wp\/v2\/pages\/97","targetHints":{"allow":["GET"]}}],"collection":[{"href":"https:\/\/neovalor.de\/index.php\/wp-json\/wp\/v2\/pages"}],"about":[{"href":"https:\/\/neovalor.de\/index.php\/wp-json\/wp\/v2\/types\/page"}],"author":[{"embeddable":true,"href":"https:\/\/neovalor.de\/index.php\/wp-json\/wp\/v2\/users\/1"}],"replies":[{"embeddable":true,"href":"https:\/\/neovalor.de\/index.php\/wp-json\/wp\/v2\/comments?post=97"}],"version-history":[{"count":22,"href":"https:\/\/neovalor.de\/index.php\/wp-json\/wp\/v2\/pages\/97\/revisions"}],"predecessor-version":[{"id":731,"href":"https:\/\/neovalor.de\/index.php\/wp-json\/wp\/v2\/pages\/97\/revisions\/731"}],"wp:attachment":[{"href":"https:\/\/neovalor.de\/index.php\/wp-json\/wp\/v2\/media?parent=97"}],"curies":[{"name":"wp","href":"https:\/\/api.w.org\/{rel}","templated":true}]}}